{"id":428,"date":"2019-04-08T14:19:16","date_gmt":"2019-04-08T12:19:16","guid":{"rendered":"https:\/\/hotellbogesund.se\/?page_id=428"},"modified":"2022-04-27T19:14:38","modified_gmt":"2022-04-27T17:14:38","slug":"about-us","status":"publish","type":"page","link":"https:\/\/hotellbogesund.se\/en\/about-us\/","title":{"rendered":"About us"},"content":{"rendered":"<div class=\"wpb-content-wrapper\"><p>[vc_row][vc_column]\n    <div class=\"text-block-wrapper text-block-wrapper--centered\">\n      <div class=\"text-block\">\n        <h2 class=\"text-block__title\">In the heart of Ulricehamn<\/h2>\n        \n      <div class=\"text-block__content\">\n       Welcome to the hotel in the heart of Ulricehamn. With one facade facing the town center and one facade facing the beautiful lake \u00c5sunden we have been named the hotel with no back. Since we opened the doors for the first time in 1989, we have taken care of all kinds of guests. Skiers, summer tourists, wedding couples, families with children, business travelers and movie stars. And just regular people who have checked in for a cozy stay and a good night&#8217;s sleep.<\/p>\n<p>&nbsp;<\/p>\n<p>In 2018, we re-did the hotel restaurant. The result was Restaurant Sture, with first class \u00e0 la carte and popular buffets. There we also arrange events such as stand-up, theme nights and night clubs to create an event center for the people of Ulricehamn.<\/p>\n<p>&nbsp;<\/p>\n<p>For our hotel guests, check-in applies from 3pm and check-out by 11am. Please let us know in advance if you arrive later than 6pm. We have a collaboration with Lindas Training Center about a kilometer from here. Access cards are available at our reception. All our guests also have access to our own sauna and relaxation area. All our rooms include wifi and breakfast buffet.<\/p>\n<p>&nbsp;<\/p>\n<p>At Hotell Bogesund, we put all our effort into living up to the reputation of our good, personal service. Here you will not only be greeted with a smile, but also a helping hand and our clever staff who will help you with that little extra. Welcome!\n      <\/div>\n          \n      <\/div>    \n    <\/div>\n  [\/vc_column][\/vc_row][vc_row][vc_column][\/vc_column][\/vc_row][vc_row][vc_column]\n    <div class=\"puff-text-image puff-text-image--gap js-add-to-form puff-text-image--reverse\">\n      \n    <div class=\"puff-text-image__image ofi-holder ofi-holder--image-puff\">\n      \n      <div class=\"image-block-wrapper js-deferred-container \" data-image-src=\"https:\/\/hotellbogesund.se\/wp-content\/uploads\/2019\/02\/Bildpuff-ulricehamn-1192-x-724.jpg\">\n        <img decoding=\"async\" class=\"js-deferred-image\" src=\"\" alt=\"\"\/>\n      <\/div>\n    \n    <\/div>\n  \n    <div class=\"puff-text-image__text\">\n      \n    <div class=\"text-block-wrapper text-block-wrapper--plate text-block-wrapper--centered text-block-wrapper--frame\">\n      <div class=\"text-block\">\n        <h2 class=\"text-block__title\">About Ulricehamn<\/h2>\n        \n      <div class=\"text-block__content\">\n       Our beloved town Ulricehamn always has something to offer, no matter what time of year you visit. The town is also very strategically situated for those who gather people for meetings between J\u00f6nk\u00f6ping, Bor\u00e5s and Gothenburg for example &#8211; within the radius of 60 miles you reach as many as 2.1 million people. Here are some tips for those who are going to visit Ulricehamn.\n      <\/div>\n    \n      <div class=\"text-block__action\">\n        <a href =\"https:\/\/hotellbogesund.se\/en\/about-ulricehamn\/\" class=\"button button--outlined\">\n          <span>Read more<\/span>\n        <\/a>\n      <\/div>\n          \n      <\/div>    \n    <\/div>\n  \n    <\/div>\n  \n    <\/div>\n  [\/vc_column][\/vc_row][vc_row][vc_column]\n    <div class=\"puff-text-image\">\n      \n    <div class=\"puff-text-image__image ofi-holder ofi-holder ofi-holder--image-puff puff-text-image--gap\">\n      \n      <div class=\"image-block-wrapper js-deferred-container \" data-image-src=\"https:\/\/hotellbogesund.se\/wp-content\/uploads\/2019\/02\/Bildpuff-1192-x-934.jpg\">\n        <img decoding=\"async\" class=\"js-deferred-image\" src=\"\" alt=\"\"\/>\n      <\/div>\n    \n    <\/div>\n  <div class=\"puff-text-image__text\">\n      <div class=\"informational-block-wrapper\">\n        <div class=\"informational-block\">\n          <h2 class=\"informational-block__title\">Facilities<\/h2>\n\n          <div class=\"informational-block__content\">\n    \n        <div class=\"icon-text-section\">\n          <span class=\"icon-text-section__icon  icon-text-section__icon--room\"><svg class=\"icon\" aria-hidden=\"true\" focusable=\"false\"><use xlink:href=\"#icon-room\"><\/use><span class=\"access-label\">Number of Rooms: 49<\/span><\/svg><\/span>\n          <span class=\"icon-text-section__text\">Number of Rooms: 49<\/span>\n        <\/div>\n      \n        <div class=\"icon-text-section\">\n          <span class=\"icon-text-section__icon  icon-text-section__icon--shopping\"><svg class=\"icon\" aria-hidden=\"true\" focusable=\"false\"><use xlink:href=\"#icon-shopping\"><\/use><span class=\"access-label\">Nearest grocery store (ICA): 350 m<\/span><\/svg><\/span>\n          <span class=\"icon-text-section__text\">Nearest grocery store (ICA): 350 m<\/span>\n        <\/div>\n      \n        <div class=\"icon-text-section\">\n          <span class=\"icon-text-section__icon  icon-text-section__icon--shopping\"><svg class=\"icon\" aria-hidden=\"true\" focusable=\"false\"><use xlink:href=\"#icon-shopping\"><\/use><span class=\"access-label\">Nearest petrol station \/ kiosk (OKQ8): 230 m<\/span><\/svg><\/span>\n          <span class=\"icon-text-section__text\">Nearest petrol station \/ kiosk (OKQ8): 230 m<\/span>\n        <\/div>\n      \n        <div class=\"icon-text-section\">\n          <span class=\"icon-text-section__icon  icon-text-section__icon--playground\"><svg class=\"icon\" aria-hidden=\"true\" focusable=\"false\"><use xlink:href=\"#icon-playground\"><\/use><span class=\"access-label\">Nearest playground (Stureparken): 10 m<\/span><\/svg><\/span>\n          <span class=\"icon-text-section__text\">Nearest playground (Stureparken): 10 m<\/span>\n        <\/div>\n      \n        <div class=\"icon-text-section\">\n          <span class=\"icon-text-section__icon  icon-text-section__icon--shopping\"><svg class=\"icon\" aria-hidden=\"true\" focusable=\"false\"><use xlink:href=\"#icon-shopping\"><\/use><span class=\"access-label\">Distance to town center: 0 m<\/span><\/svg><\/span>\n          <span class=\"icon-text-section__text\">Distance to town center: 0 m<\/span>\n        <\/div>\n      \n        <div class=\"icon-text-section\">\n          <span class=\"icon-text-section__icon  icon-text-section__icon--snow-flake\"><svg class=\"icon\" aria-hidden=\"true\" focusable=\"false\"><use xlink:href=\"#icon-snow-flake\"><\/use><span class=\"access-label\">Distance to Lassalyckan: 3.7 km<\/span><\/svg><\/span>\n          <span class=\"icon-text-section__text\">Distance to Lassalyckan: 3.7 km<\/span>\n        <\/div>\n      \n        <div class=\"icon-text-section\">\n          <span class=\"icon-text-section__icon  icon-text-section__icon--mountains\"><svg class=\"icon\" aria-hidden=\"true\" focusable=\"false\"><use xlink:href=\"#icon-mountains\"><\/use><span class=\"access-label\">Distance to the Ski Center of Ulricehamn: 4.8 km<\/span><\/svg><\/span>\n          <span class=\"icon-text-section__text\">Distance to the Ski Center of Ulricehamn: 4.8 km<\/span>\n        <\/div>\n      \n        <div class=\"icon-text-section\">\n          <span class=\"icon-text-section__icon  icon-text-section__icon--airplane\"><svg class=\"icon\" aria-hidden=\"true\" focusable=\"false\"><use xlink:href=\"#icon-airplane\"><\/use><span class=\"access-label\">Distance to Landvetter airport: 76.4 km<\/span><\/svg><\/span>\n          <span class=\"icon-text-section__text\">Distance to Landvetter airport: 76.4 km<\/span>\n        <\/div>\n      \n        <div class=\"icon-text-section\">\n          <span class=\"icon-text-section__icon  icon-text-section__icon--airplane\"><svg class=\"icon\" aria-hidden=\"true\" focusable=\"false\"><use xlink:href=\"#icon-airplane\"><\/use><span class=\"access-label\">Distance to J\u00f6nk\u00f6ping Airport: 49 km<\/span><\/svg><\/span>\n          <span class=\"icon-text-section__text\">Distance to J\u00f6nk\u00f6ping Airport: 49 km<\/span>\n        <\/div>\n      \n        <div class=\"icon-text-section\">\n          <span class=\"icon-text-section__icon  icon-text-section__icon--golf\"><svg class=\"icon\" aria-hidden=\"true\" focusable=\"false\"><use xlink:href=\"#icon-golf\"><\/use><span class=\"access-label\">Distance to the Golf Club of Ulricehamn: 4.1 km<\/span><\/svg><\/span>\n          <span class=\"icon-text-section__text\">Distance to the Golf Club of Ulricehamn: 4.1 km<\/span>\n        <\/div>\n      \n        <div class=\"icon-text-section\">\n          <span class=\"icon-text-section__icon  icon-text-section__icon--golf\"><svg class=\"icon\" aria-hidden=\"true\" focusable=\"false\"><use xlink:href=\"#icon-golf\"><\/use><span class=\"access-label\">Distance to the Golf Club of \u00c5sundsholm: 20.9 km<\/span><\/svg><\/span>\n          <span class=\"icon-text-section__text\">Distance to the Golf Club of \u00c5sundsholm: 20.9 km<\/span>\n        <\/div>\n      \n          <\/div>\n        <\/div>\n      <\/div>\n    <\/div>\n    <\/div>\n  [\/vc_column][\/vc_row][vc_row][vc_column]\n    <div class=\"text-block-wrapper text-block-wrapper--centered\">\n      <div class=\"text-block\">\n        <h2 class=\"text-block__title\">Contact<\/h2>\n        \n      <div class=\"text-block__content\">\n       <strong>Hotell Bogesund<\/strong><br \/>\nSturegatan 7<br \/>\n523 30 Ulricehamn<br \/>\nTel. 0321 &#8211; 154 10<br \/>\nE-mail: <a href=\"mailto:info@hotellbogesund.se\">info@hotellbogesund.se<\/a>\n      <\/div>\n          \n      <\/div>    \n    <\/div>\n  [\/vc_column][\/vc_row]<\/p>\n<\/div>","protected":false},"excerpt":{"rendered":"<p>[vc_row][vc_column][\/vc_column][\/vc_row][vc_row][vc_column][\/vc_column][\/vc_row][vc_row][vc_column][\/vc_column][\/vc_row][vc_row][vc_column][\/vc_column][\/vc_row][vc_row][vc_column][\/vc_column][\/vc_row]<\/p>\n","protected":false},"author":2,"featured_media":244,"parent":0,"menu_order":0,"comment_status":"closed","ping_status":"closed","template":"page-templates\/page-about.php","meta":{"_acf_changed":false,"footnotes":""},"class_list":["post-428","page","type-page","status-publish","has-post-thumbnail","hentry"],"acf":[],"yoast_head":"<!-- This site is optimized with the Yoast SEO plugin v27.5 - https:\/\/yoast.com\/product\/yoast-seo-wordpress\/ -->\n<title>About us - Hotell Bogesund i Ulricehamn<\/title>\n<meta name=\"robots\" content=\"index, follow, max-snippet:-1, max-image-preview:large, max-video-preview:-1\" \/>\n<link rel=\"canonical\" href=\"https:\/\/hotellbogesund.se\/en\/about-us\/\" \/>\n<meta property=\"og:locale\" content=\"en_US\" \/>\n<meta property=\"og:type\" content=\"article\" \/>\n<meta property=\"og:title\" content=\"About us - Hotell Bogesund i Ulricehamn\" \/>\n<meta property=\"og:description\" content=\"[vc_row][vc_column][\/vc_column][\/vc_row][vc_row][vc_column][\/vc_column][\/vc_row][vc_row][vc_column][\/vc_column][\/vc_row][vc_row][vc_column][\/vc_column][\/vc_row][vc_row][vc_column][\/vc_column][\/vc_row]\" \/>\n<meta property=\"og:url\" content=\"https:\/\/hotellbogesund.se\/en\/about-us\/\" \/>\n<meta property=\"og:site_name\" content=\"Hotell Bogesund i Ulricehamn\" \/>\n<meta property=\"article:modified_time\" content=\"2022-04-27T17:14:38+00:00\" \/>\n<meta property=\"og:image\" content=\"https:\/\/hotellbogesund.se\/wp-content\/uploads\/2019\/02\/Topbild-omoss-1800-x-648.jpg\" \/>\n\t<meta property=\"og:image:width\" content=\"1800\" \/>\n\t<meta property=\"og:image:height\" content=\"642\" \/>\n\t<meta property=\"og:image:type\" content=\"image\/jpeg\" \/>\n<meta name=\"twitter:card\" content=\"summary_large_image\" \/>\n<meta name=\"twitter:label1\" content=\"Est. reading time\" \/>\n\t<meta name=\"twitter:data1\" content=\"2 minutes\" \/>\n<script type=\"application\/ld+json\" class=\"yoast-schema-graph\">{\"@context\":\"https:\\\/\\\/schema.org\",\"@graph\":[{\"@type\":\"WebPage\",\"@id\":\"https:\\\/\\\/hotellbogesund.se\\\/en\\\/about-us\\\/\",\"url\":\"https:\\\/\\\/hotellbogesund.se\\\/en\\\/about-us\\\/\",\"name\":\"About us - Hotell Bogesund i Ulricehamn\",\"isPartOf\":{\"@id\":\"https:\\\/\\\/hotellbogesund.se\\\/#website\"},\"primaryImageOfPage\":{\"@id\":\"https:\\\/\\\/hotellbogesund.se\\\/en\\\/about-us\\\/#primaryimage\"},\"image\":{\"@id\":\"https:\\\/\\\/hotellbogesund.se\\\/en\\\/about-us\\\/#primaryimage\"},\"thumbnailUrl\":\"https:\\\/\\\/hotellbogesund.se\\\/wp-content\\\/uploads\\\/2019\\\/02\\\/Topbild-omoss-1800-x-648.jpg\",\"datePublished\":\"2019-04-08T12:19:16+00:00\",\"dateModified\":\"2022-04-27T17:14:38+00:00\",\"breadcrumb\":{\"@id\":\"https:\\\/\\\/hotellbogesund.se\\\/en\\\/about-us\\\/#breadcrumb\"},\"inLanguage\":\"en-US\",\"potentialAction\":[{\"@type\":\"ReadAction\",\"target\":[\"https:\\\/\\\/hotellbogesund.se\\\/en\\\/about-us\\\/\"]}]},{\"@type\":\"ImageObject\",\"inLanguage\":\"en-US\",\"@id\":\"https:\\\/\\\/hotellbogesund.se\\\/en\\\/about-us\\\/#primaryimage\",\"url\":\"https:\\\/\\\/hotellbogesund.se\\\/wp-content\\\/uploads\\\/2019\\\/02\\\/Topbild-omoss-1800-x-648.jpg\",\"contentUrl\":\"https:\\\/\\\/hotellbogesund.se\\\/wp-content\\\/uploads\\\/2019\\\/02\\\/Topbild-omoss-1800-x-648.jpg\",\"width\":1800,\"height\":642},{\"@type\":\"BreadcrumbList\",\"@id\":\"https:\\\/\\\/hotellbogesund.se\\\/en\\\/about-us\\\/#breadcrumb\",\"itemListElement\":[{\"@type\":\"ListItem\",\"position\":1,\"name\":\"Hem\",\"item\":\"https:\\\/\\\/hotellbogesund.se\\\/\"},{\"@type\":\"ListItem\",\"position\":2,\"name\":\"About us\"}]},{\"@type\":\"WebSite\",\"@id\":\"https:\\\/\\\/hotellbogesund.se\\\/#website\",\"url\":\"https:\\\/\\\/hotellbogesund.se\\\/\",\"name\":\"Hotell Bogesund i Ulricehamn\",\"description\":\"En till WordPress-webbplats\",\"potentialAction\":[{\"@type\":\"SearchAction\",\"target\":{\"@type\":\"EntryPoint\",\"urlTemplate\":\"https:\\\/\\\/hotellbogesund.se\\\/?s={search_term_string}\"},\"query-input\":{\"@type\":\"PropertyValueSpecification\",\"valueRequired\":true,\"valueName\":\"search_term_string\"}}],\"inLanguage\":\"en-US\"}]}<\/script>\n<!-- \/ Yoast SEO plugin. -->","yoast_head_json":{"title":"About us - Hotell Bogesund i Ulricehamn","robots":{"index":"index","follow":"follow","max-snippet":"max-snippet:-1","max-image-preview":"max-image-preview:large","max-video-preview":"max-video-preview:-1"},"canonical":"https:\/\/hotellbogesund.se\/en\/about-us\/","og_locale":"en_US","og_type":"article","og_title":"About us - Hotell Bogesund i Ulricehamn","og_description":"[vc_row][vc_column][\/vc_column][\/vc_row][vc_row][vc_column][\/vc_column][\/vc_row][vc_row][vc_column][\/vc_column][\/vc_row][vc_row][vc_column][\/vc_column][\/vc_row][vc_row][vc_column][\/vc_column][\/vc_row]","og_url":"https:\/\/hotellbogesund.se\/en\/about-us\/","og_site_name":"Hotell Bogesund i Ulricehamn","article_modified_time":"2022-04-27T17:14:38+00:00","og_image":[{"width":1800,"height":642,"url":"https:\/\/hotellbogesund.se\/wp-content\/uploads\/2019\/02\/Topbild-omoss-1800-x-648.jpg","type":"image\/jpeg"}],"twitter_card":"summary_large_image","twitter_misc":{"Est. reading time":"2 minutes"},"schema":{"@context":"https:\/\/schema.org","@graph":[{"@type":"WebPage","@id":"https:\/\/hotellbogesund.se\/en\/about-us\/","url":"https:\/\/hotellbogesund.se\/en\/about-us\/","name":"About us - Hotell Bogesund i Ulricehamn","isPartOf":{"@id":"https:\/\/hotellbogesund.se\/#website"},"primaryImageOfPage":{"@id":"https:\/\/hotellbogesund.se\/en\/about-us\/#primaryimage"},"image":{"@id":"https:\/\/hotellbogesund.se\/en\/about-us\/#primaryimage"},"thumbnailUrl":"https:\/\/hotellbogesund.se\/wp-content\/uploads\/2019\/02\/Topbild-omoss-1800-x-648.jpg","datePublished":"2019-04-08T12:19:16+00:00","dateModified":"2022-04-27T17:14:38+00:00","breadcrumb":{"@id":"https:\/\/hotellbogesund.se\/en\/about-us\/#breadcrumb"},"inLanguage":"en-US","potentialAction":[{"@type":"ReadAction","target":["https:\/\/hotellbogesund.se\/en\/about-us\/"]}]},{"@type":"ImageObject","inLanguage":"en-US","@id":"https:\/\/hotellbogesund.se\/en\/about-us\/#primaryimage","url":"https:\/\/hotellbogesund.se\/wp-content\/uploads\/2019\/02\/Topbild-omoss-1800-x-648.jpg","contentUrl":"https:\/\/hotellbogesund.se\/wp-content\/uploads\/2019\/02\/Topbild-omoss-1800-x-648.jpg","width":1800,"height":642},{"@type":"BreadcrumbList","@id":"https:\/\/hotellbogesund.se\/en\/about-us\/#breadcrumb","itemListElement":[{"@type":"ListItem","position":1,"name":"Hem","item":"https:\/\/hotellbogesund.se\/"},{"@type":"ListItem","position":2,"name":"About us"}]},{"@type":"WebSite","@id":"https:\/\/hotellbogesund.se\/#website","url":"https:\/\/hotellbogesund.se\/","name":"Hotell Bogesund i Ulricehamn","description":"En till WordPress-webbplats","potentialAction":[{"@type":"SearchAction","target":{"@type":"EntryPoint","urlTemplate":"https:\/\/hotellbogesund.se\/?s={search_term_string}"},"query-input":{"@type":"PropertyValueSpecification","valueRequired":true,"valueName":"search_term_string"}}],"inLanguage":"en-US"}]}},"_links":{"self":[{"href":"https:\/\/hotellbogesund.se\/en\/wp-json\/wp\/v2\/pages\/428","targetHints":{"allow":["GET"]}}],"collection":[{"href":"https:\/\/hotellbogesund.se\/en\/wp-json\/wp\/v2\/pages"}],"about":[{"href":"https:\/\/hotellbogesund.se\/en\/wp-json\/wp\/v2\/types\/page"}],"author":[{"embeddable":true,"href":"https:\/\/hotellbogesund.se\/en\/wp-json\/wp\/v2\/users\/2"}],"replies":[{"embeddable":true,"href":"https:\/\/hotellbogesund.se\/en\/wp-json\/wp\/v2\/comments?post=428"}],"version-history":[{"count":7,"href":"https:\/\/hotellbogesund.se\/en\/wp-json\/wp\/v2\/pages\/428\/revisions"}],"predecessor-version":[{"id":1484,"href":"https:\/\/hotellbogesund.se\/en\/wp-json\/wp\/v2\/pages\/428\/revisions\/1484"}],"wp:featuredmedia":[{"embeddable":true,"href":"https:\/\/hotellbogesund.se\/en\/wp-json\/wp\/v2\/media\/244"}],"wp:attachment":[{"href":"https:\/\/hotellbogesund.se\/en\/wp-json\/wp\/v2\/media?parent=428"}],"curies":[{"name":"wp","href":"https:\/\/api.w.org\/{rel}","templated":true}]}}